{"id":6305,"date":"2024-08-11T21:19:50","date_gmt":"2024-08-11T21:19:50","guid":{"rendered":"https:\/\/ciclopistas.com\/?post_type=product&#038;p=6305"},"modified":"2024-08-20T17:24:10","modified_gmt":"2024-08-20T17:24:10","slug":"street-sign-for-bike-ways","status":"publish","type":"product","link":"https:\/\/ciclopistas.com\/en\/producto\/street-sign-for-bike-ways\/","title":{"rendered":"Street Sign for Bike Ways"},"content":{"rendered":"<p>Transform your bike ways, with the Street Sign, final solution to guide cyclists with precision and style.<\/p>\n<p>Designed to offer visibility the 24 hours of the day, this innovative street sign not only informs, but embellish and ensure every journey.<\/p>\n<p style=\"font-weight: 400;\"><strong>Key Features:<\/strong><\/p>\n<p style=\"font-weight: 400;\">Infinite Visibility: Available in electric, solar and standard version; option to add a reflective design to be visible during day and night.<\/p>\n<p>Functional and Aesthetic Design: Curved front adaptable to flexible films to sign or label in both faces, offering versatility and durability, guaranteeing a clear legibility during 5 years at least.<\/p>\n<p>Unique Resistance: Manufactured in white RCB polymer, resistant to UV rays and inclemency, this street sign is durable and it doesn&#8217;t rusts, ideal for any urban environment.<\/p>\n<p>Uncomplicated Installation: Easily adapted to proper or existent posts with stainless steel strip, and offers tubular post or RHS options with black electrostatic paint coating, elegant finish in pyramid or diamond shape.<\/p>\n<p>Advanced Functionality: Incorporates optional geo-location technology through a QR code for emergencies, improving safety and public service in areas with high traffic flow.<\/p>\n<p style=\"font-weight: 400;\">Additional Advantages: Lightweight and 100% recyclable design that not only reduce environmental impact, but guarantees an easy installation and minimum performance during its life span<\/p>\n<p>Street sign for Bike Ways not only marks a place in the map but light the road to a safer and aesthetic future on streets.<\/p>\n<p>The Street Sign for Bike Routes is an innovative way to make visible a bike way. In addition, indicates the existence of one and provides a great touch of elegance in streets.<\/p>\n<p>Visit the <a href=\"https:\/\/ciclopistas.com\/productos-ciclovias\/\">complete catalog<\/a> with the rest of devices for <a href=\"https:\/\/multisenal.com.mx\/blog\/infraestructura-y-equipamiento-ciclista-que-es\/\">cyclist infrastructure. <\/a><\/p>\n","protected":false},"excerpt":{"rendered":"<p><strong>Product Name: Nomenclatura 390 Solar<\/strong><\/p>\n<p><strong>SKU: NOM-390S<\/strong><\/p>\n<table>\n<tbody>\n<tr>\n<td style=\"text-align: center;\"><strong>SPANISH<\/strong><\/td>\n<td style=\"text-align: center;\"><strong>ENGLISH<\/strong><\/td>\n<td style=\"text-align: center;\"><strong>360\u00ba<\/strong><\/td>\n<\/tr>\n<tr>\n<td><a href=\"https:\/\/multisenal.com.mx\/FichasTecnicas\/Nomenclatura-390-SOLAR-ES.pdf\"><img decoding=\"async\" class=\"wp-image-5524 aligncenter\" src=\"https:\/\/ciclopistas.com\/wp-content\/uploads\/2024\/06\/img-pdf-ciclopistas.webp\" alt=\"\" width=\"49\" height=\"49\" \/><\/a><\/td>\n<td><a href=\"https:\/\/multisenal.com.mx\/FichasTecnicas\/Nomenclatura-390-SOLAR-EN.pdf\"><img decoding=\"async\" class=\"wp-image-5524 aligncenter\" src=\"https:\/\/ciclopistas.com\/wp-content\/uploads\/2024\/06\/img-pdf-ciclopistas.webp\" alt=\"\" width=\"49\" height=\"49\" \/><\/a><\/td>\n<td><a href=\"https:\/\/ciclopistas.com\/renders\/nomenclatura-390-ns-modelo-360\/\"><img decoding=\"async\" class=\"wp-image-5524 aligncenter\" src=\"https:\/\/ciclopistas.com\/wp-content\/uploads\/2024\/06\/img-modelo3D.webp\" alt=\"\" width=\"49\" height=\"49\" \/><\/a><\/td>\n<\/tr>\n<\/tbody>\n<\/table>\n","protected":false},"featured_media":3798,"comment_status":"open","ping_status":"closed","template":"","meta":[],"product_cat":[79],"product_tag":[],"yoast_head":"<!-- This site is optimized with the Yoast SEO Premium plugin v22.3 (Yoast SEO v23.0) - https:\/\/yoast.com\/wordpress\/plugins\/seo\/ -->\n<title>Street Sign for Bike Ways - ciclopistas.com<\/title>\n<meta name=\"description\" content=\"Street Sign for bike ways, final solution to guide cyclists with precision and style.Designed to offer visibility the 24 hours of the day.\" \/>\n<meta name=\"robots\" content=\"index, follow, max-snippet:-1, max-image-preview:large, max-video-preview:-1\" \/>\n<link rel=\"canonical\" href=\"https:\/\/ciclopistas.com\/en\/producto\/street-sign-for-bike-ways\/\" \/>\n<meta property=\"og:locale\" content=\"en_US\" \/>\n<meta property=\"og:type\" content=\"article\" \/>\n<meta property=\"og:title\" content=\"Street Sign for Bike Ways\" \/>\n<meta property=\"og:description\" content=\"Street Sign for bike ways, final solution to guide cyclists with precision and style.Designed to offer visibility the 24 hours of the day.\" \/>\n<meta property=\"og:url\" content=\"https:\/\/ciclopistas.com\/en\/producto\/street-sign-for-bike-ways\/\" \/>\n<meta property=\"og:site_name\" content=\"ciclopistas.com\" \/>\n<meta property=\"article:publisher\" content=\"https:\/\/www.facebook.com\/multisenal\/\" \/>\n<meta property=\"article:modified_time\" content=\"2024-08-20T17:24:10+00:00\" \/>\n<meta property=\"og:image\" content=\"https:\/\/ciclopistas.com\/wp-content\/uploads\/2024\/06\/Producto-Ciclopistas-30.webp\" \/>\n\t<meta property=\"og:image:width\" content=\"1200\" \/>\n\t<meta property=\"og:image:height\" content=\"1200\" \/>\n\t<meta property=\"og:image:type\" content=\"image\/webp\" \/>\n<meta name=\"twitter:card\" content=\"summary_large_image\" \/>\n<meta name=\"twitter:site\" content=\"@multisenal\" \/>\n<meta name=\"twitter:label1\" content=\"Est. reading time\" \/>\n\t<meta name=\"twitter:data1\" content=\"2 minutes\" \/>\n<script type=\"application\/ld+json\" class=\"yoast-schema-graph\">{\"@context\":\"https:\/\/schema.org\",\"@graph\":[{\"@type\":\"WebPage\",\"@id\":\"https:\/\/ciclopistas.com\/en\/producto\/street-sign-for-bike-ways\/\",\"url\":\"https:\/\/ciclopistas.com\/en\/producto\/street-sign-for-bike-ways\/\",\"name\":\"Street Sign for Bike Ways - ciclopistas.com\",\"isPartOf\":{\"@id\":\"https:\/\/ciclopistas.com\/#website\"},\"primaryImageOfPage\":{\"@id\":\"https:\/\/ciclopistas.com\/en\/producto\/street-sign-for-bike-ways\/#primaryimage\"},\"image\":{\"@id\":\"https:\/\/ciclopistas.com\/en\/producto\/street-sign-for-bike-ways\/#primaryimage\"},\"thumbnailUrl\":\"https:\/\/ciclopistas.com\/wp-content\/uploads\/2024\/06\/Producto-Ciclopistas-30.webp\",\"datePublished\":\"2024-08-11T21:19:50+00:00\",\"dateModified\":\"2024-08-20T17:24:10+00:00\",\"description\":\"Street Sign for bike ways, final solution to guide cyclists with precision and style.Designed to offer visibility the 24 hours of the day.\",\"breadcrumb\":{\"@id\":\"https:\/\/ciclopistas.com\/en\/producto\/street-sign-for-bike-ways\/#breadcrumb\"},\"inLanguage\":\"en-US\",\"potentialAction\":[{\"@type\":\"ReadAction\",\"target\":[\"https:\/\/ciclopistas.com\/en\/producto\/street-sign-for-bike-ways\/\"]}]},{\"@type\":\"ImageObject\",\"inLanguage\":\"en-US\",\"@id\":\"https:\/\/ciclopistas.com\/en\/producto\/street-sign-for-bike-ways\/#primaryimage\",\"url\":\"https:\/\/ciclopistas.com\/wp-content\/uploads\/2024\/06\/Producto-Ciclopistas-30.webp\",\"contentUrl\":\"https:\/\/ciclopistas.com\/wp-content\/uploads\/2024\/06\/Producto-Ciclopistas-30.webp\",\"width\":1200,\"height\":1200,\"caption\":\"La nomenclatura para ciclopista es una se\u00f1alizaci\u00f3n elegante y tecnol\u00f3gica para guiar a los ciclistas en su camino. Cuenta con tecnolog\u00eda GPS.\"},{\"@type\":\"BreadcrumbList\",\"@id\":\"https:\/\/ciclopistas.com\/en\/producto\/street-sign-for-bike-ways\/#breadcrumb\",\"itemListElement\":[{\"@type\":\"ListItem\",\"position\":1,\"name\":\"Inicio\",\"item\":\"https:\/\/ciclopistas.com\/en\/\"},{\"@type\":\"ListItem\",\"position\":2,\"name\":\"Tienda\",\"item\":\"https:\/\/ciclopistas.com\/tienda\/\"},{\"@type\":\"ListItem\",\"position\":3,\"name\":\"Street Sign for Bike Ways\"}]},{\"@type\":\"WebSite\",\"@id\":\"https:\/\/ciclopistas.com\/#website\",\"url\":\"https:\/\/ciclopistas.com\/\",\"name\":\"ciclopistas.com\",\"description\":\"\",\"publisher\":{\"@id\":\"https:\/\/ciclopistas.com\/#organization\"},\"potentialAction\":[{\"@type\":\"SearchAction\",\"target\":{\"@type\":\"EntryPoint\",\"urlTemplate\":\"https:\/\/ciclopistas.com\/?s={search_term_string}\"},\"query-input\":\"required name=search_term_string\"}],\"inLanguage\":\"en-US\"},{\"@type\":\"Organization\",\"@id\":\"https:\/\/ciclopistas.com\/#organization\",\"name\":\"ciclopistas.com\",\"url\":\"https:\/\/ciclopistas.com\/\",\"logo\":{\"@type\":\"ImageObject\",\"inLanguage\":\"en-US\",\"@id\":\"https:\/\/ciclopistas.com\/#\/schema\/logo\/image\/\",\"url\":\"https:\/\/ciclopistas.com\/wp-content\/uploads\/2024\/06\/ciclopistas.com_-1.png\",\"contentUrl\":\"https:\/\/ciclopistas.com\/wp-content\/uploads\/2024\/06\/ciclopistas.com_-1.png\",\"width\":768,\"height\":220,\"caption\":\"ciclopistas.com\"},\"image\":{\"@id\":\"https:\/\/ciclopistas.com\/#\/schema\/logo\/image\/\"},\"sameAs\":[\"https:\/\/www.facebook.com\/multisenal\/\",\"https:\/\/x.com\/multisenal\",\"https:\/\/www.instagram.com\/multisenalmx\/\",\"https:\/\/www.linkedin.com\/company\/multisenalmexico\/\",\"https:\/\/www.youtube.com\/@multisenaloficial\"]}]}<\/script>\n<!-- \/ Yoast SEO Premium plugin. -->","yoast_head_json":{"title":"Street Sign for Bike Ways - ciclopistas.com","description":"Street Sign for bike ways, final solution to guide cyclists with precision and style.Designed to offer visibility the 24 hours of the day.","robots":{"index":"index","follow":"follow","max-snippet":"max-snippet:-1","max-image-preview":"max-image-preview:large","max-video-preview":"max-video-preview:-1"},"canonical":"https:\/\/ciclopistas.com\/en\/producto\/street-sign-for-bike-ways\/","og_locale":"en_US","og_type":"article","og_title":"Street Sign for Bike Ways","og_description":"Street Sign for bike ways, final solution to guide cyclists with precision and style.Designed to offer visibility the 24 hours of the day.","og_url":"https:\/\/ciclopistas.com\/en\/producto\/street-sign-for-bike-ways\/","og_site_name":"ciclopistas.com","article_publisher":"https:\/\/www.facebook.com\/multisenal\/","article_modified_time":"2024-08-20T17:24:10+00:00","og_image":[{"width":1200,"height":1200,"url":"https:\/\/ciclopistas.com\/wp-content\/uploads\/2024\/06\/Producto-Ciclopistas-30.webp","type":"image\/webp"}],"twitter_card":"summary_large_image","twitter_site":"@multisenal","twitter_misc":{"Est. reading time":"2 minutes"},"schema":{"@context":"https:\/\/schema.org","@graph":[{"@type":"WebPage","@id":"https:\/\/ciclopistas.com\/en\/producto\/street-sign-for-bike-ways\/","url":"https:\/\/ciclopistas.com\/en\/producto\/street-sign-for-bike-ways\/","name":"Street Sign for Bike Ways - ciclopistas.com","isPartOf":{"@id":"https:\/\/ciclopistas.com\/#website"},"primaryImageOfPage":{"@id":"https:\/\/ciclopistas.com\/en\/producto\/street-sign-for-bike-ways\/#primaryimage"},"image":{"@id":"https:\/\/ciclopistas.com\/en\/producto\/street-sign-for-bike-ways\/#primaryimage"},"thumbnailUrl":"https:\/\/ciclopistas.com\/wp-content\/uploads\/2024\/06\/Producto-Ciclopistas-30.webp","datePublished":"2024-08-11T21:19:50+00:00","dateModified":"2024-08-20T17:24:10+00:00","description":"Street Sign for bike ways, final solution to guide cyclists with precision and style.Designed to offer visibility the 24 hours of the day.","breadcrumb":{"@id":"https:\/\/ciclopistas.com\/en\/producto\/street-sign-for-bike-ways\/#breadcrumb"},"inLanguage":"en-US","potentialAction":[{"@type":"ReadAction","target":["https:\/\/ciclopistas.com\/en\/producto\/street-sign-for-bike-ways\/"]}]},{"@type":"ImageObject","inLanguage":"en-US","@id":"https:\/\/ciclopistas.com\/en\/producto\/street-sign-for-bike-ways\/#primaryimage","url":"https:\/\/ciclopistas.com\/wp-content\/uploads\/2024\/06\/Producto-Ciclopistas-30.webp","contentUrl":"https:\/\/ciclopistas.com\/wp-content\/uploads\/2024\/06\/Producto-Ciclopistas-30.webp","width":1200,"height":1200,"caption":"La nomenclatura para ciclopista es una se\u00f1alizaci\u00f3n elegante y tecnol\u00f3gica para guiar a los ciclistas en su camino. Cuenta con tecnolog\u00eda GPS."},{"@type":"BreadcrumbList","@id":"https:\/\/ciclopistas.com\/en\/producto\/street-sign-for-bike-ways\/#breadcrumb","itemListElement":[{"@type":"ListItem","position":1,"name":"Inicio","item":"https:\/\/ciclopistas.com\/en\/"},{"@type":"ListItem","position":2,"name":"Tienda","item":"https:\/\/ciclopistas.com\/tienda\/"},{"@type":"ListItem","position":3,"name":"Street Sign for Bike Ways"}]},{"@type":"WebSite","@id":"https:\/\/ciclopistas.com\/#website","url":"https:\/\/ciclopistas.com\/","name":"ciclopistas.com","description":"","publisher":{"@id":"https:\/\/ciclopistas.com\/#organization"},"potentialAction":[{"@type":"SearchAction","target":{"@type":"EntryPoint","urlTemplate":"https:\/\/ciclopistas.com\/?s={search_term_string}"},"query-input":"required name=search_term_string"}],"inLanguage":"en-US"},{"@type":"Organization","@id":"https:\/\/ciclopistas.com\/#organization","name":"ciclopistas.com","url":"https:\/\/ciclopistas.com\/","logo":{"@type":"ImageObject","inLanguage":"en-US","@id":"https:\/\/ciclopistas.com\/#\/schema\/logo\/image\/","url":"https:\/\/ciclopistas.com\/wp-content\/uploads\/2024\/06\/ciclopistas.com_-1.png","contentUrl":"https:\/\/ciclopistas.com\/wp-content\/uploads\/2024\/06\/ciclopistas.com_-1.png","width":768,"height":220,"caption":"ciclopistas.com"},"image":{"@id":"https:\/\/ciclopistas.com\/#\/schema\/logo\/image\/"},"sameAs":["https:\/\/www.facebook.com\/multisenal\/","https:\/\/x.com\/multisenal","https:\/\/www.instagram.com\/multisenalmx\/","https:\/\/www.linkedin.com\/company\/multisenalmexico\/","https:\/\/www.youtube.com\/@multisenaloficial"]}]}},"_links":{"self":[{"href":"https:\/\/ciclopistas.com\/en\/wp-json\/wp\/v2\/product\/6305"}],"collection":[{"href":"https:\/\/ciclopistas.com\/en\/wp-json\/wp\/v2\/product"}],"about":[{"href":"https:\/\/ciclopistas.com\/en\/wp-json\/wp\/v2\/types\/product"}],"replies":[{"embeddable":true,"href":"https:\/\/ciclopistas.com\/en\/wp-json\/wp\/v2\/comments?post=6305"}],"wp:featuredmedia":[{"embeddable":true,"href":"https:\/\/ciclopistas.com\/en\/wp-json\/wp\/v2\/media\/3798"}],"wp:attachment":[{"href":"https:\/\/ciclopistas.com\/en\/wp-json\/wp\/v2\/media?parent=6305"}],"wp:term":[{"taxonomy":"product_cat","embeddable":true,"href":"https:\/\/ciclopistas.com\/en\/wp-json\/wp\/v2\/product_cat?post=6305"},{"taxonomy":"product_tag","embeddable":true,"href":"https:\/\/ciclopistas.com\/en\/wp-json\/wp\/v2\/product_tag?post=6305"}],"curies":[{"name":"wp","href":"https:\/\/api.w.org\/{rel}","templated":true}]}}